{"id":48629,"date":"2023-07-12T14:58:00","date_gmt":"2023-07-12T11:58:00","guid":{"rendered":"https:\/\/caep.ro\/work-and-travel\/?page_id=48629"},"modified":"2025-07-31T12:04:14","modified_gmt":"2025-07-31T09:04:14","slug":"first-wave","status":"publish","type":"page","link":"https:\/\/caep.ro\/work-and-travel\/first-wave","title":{"rendered":"FIRST WAVE OF WORK AND TRAVEL"},"content":{"rendered":"<section class=\"wpb-content-wrapper\"><p>[vc_row][vc_column][vc_empty_space][\/vc_column][\/vc_row][vc_row][vc_column width=&#8221;1\/2&#8243;][vc_column_text]\u00cenregistrez\u0103-te cu Promo\u021bia First Wave of Work And Travel \u0219i planific\u0103 o vara\u00a0 \u00een Stale Unite Ale Americii!\u00a0Este oportunitatea de a c\u0103l\u0103tori, lucra \u0219i experimenta cultura american\u0103. \u00ce\u021bi vei face mu\u021bi prieteni \u0219i amintiri frumoase.[\/vc_column_text][vc_column_text]<div class=\"register-form\" id=\"register-profile\">\r\n            <div class=\"step\" data-step=\"1\">\r\n            <form method=\"post\" id=\"check-step\" action=\"https:\/\/caep.ro\/work-and-travel\/wp-admin\/admin-ajax.php\">\r\n                <input type=\"hidden\" name=\"action\" value=\"_check_user_\"\/>\r\n                <div class=\"grid grid_12 percentage\" data-target=\"phone\">\r\n                    <div class=\"form-input form-input-phone\">\r\n                        <input type=\"hidden\" id=\"_wpnonce\" name=\"_wpnonce\" value=\"4b51312ec8\" \/><input type=\"hidden\" name=\"_wp_http_referer\" value=\"\/work-and-travel\/wp-json\/wp\/v2\/pages\/48629\" \/>        <div class=\"phone-input\">\r\n            <input id=\"phone_69e1c92cf2e5b\" placeholder=\"mobile\" class=\"phone\"                   type=\"tel\"\r\n                   name=\"data[phone]\"\r\n                   value=\"\"\/>\r\n        <\/div>\r\n        <script>\r\n            jQuery(document).ready(function ($) {\r\n                $(\"#phone_69e1c92cf2e5b\").CcPicker({\r\n                    countryID: '0',\r\n                    countryCode: 'RO',\r\n                    dataUrl: 'https:\/\/caep.ro\/work-and-travel\/countries\/json',\r\n                    countryIDFieldName: 'data[country]',\r\n                    dialCodeFieldName: 'phone_code',\r\n                    countryCodeFieldName: 'country_code',\r\n                    searchPlaceHolder: 'Search ...'\r\n                });\r\n            });\r\n        <\/script>\r\n                            <\/div>\r\n                <\/div>\r\n                <div class=\"grid grid_12 percentage grid-submit\">\r\n                    <button type=\"submit\">Next<\/button>\r\n                <\/div>\r\n            <\/form>\r\n        <\/div>\r\n        <div class=\"step\" data-step=\"2\">\r\n            <form method=\"post\" id=\"login-step\" action=\"https:\/\/caep.ro\/work-and-travel\/login\">\r\n                <div class=\"grid grid_12 percentage\">\r\n                    <div class=\"form-input form-input-phone\">\r\n                                <div class=\"phone-input\">\r\n            <input id=\"phone_69e1c92cf2d4f\" placeholder=\"mobile\" class=\"phone\"                   type=\"tel\"\r\n                   name=\"auth[phone]\"\r\n                   value=\"\"\/>\r\n        <\/div>\r\n        <script>\r\n            jQuery(document).ready(function ($) {\r\n                $(\"#phone_69e1c92cf2d4f\").CcPicker({\r\n                    countryID: '0',\r\n                    countryCode: 'RO',\r\n                    dataUrl: 'https:\/\/caep.ro\/work-and-travel\/countries\/json',\r\n                    countryIDFieldName: 'auth[country]',\r\n                    dialCodeFieldName: 'phone_code',\r\n                    countryCodeFieldName: 'country_code',\r\n                    searchPlaceHolder: 'Search ...'\r\n                });\r\n            });\r\n        <\/script>\r\n                            <\/div>\r\n                    <div class=\"form-input form-input-password\">\r\n                        <i class=\"icon-lock\"><\/i><input placeholder=\"Password\"\r\n                                                        type=\"password\" name=\"auth[password]\"\/>\r\n                    <\/div>\r\n                <\/div>\r\n                <div class=\"grid grid_12 percentage grid-submit\">\r\n                    <button type=\"button\" id=\"forgot-pass\">Forgot<\/button>\r\n                    <button type=\"submit\">Login<\/button>\r\n                <\/div>\r\n            <\/form>\r\n        <\/div>\r\n        <div class=\"step\" data-step=\"3\">\r\n            <form method=\"post\" id=\"register-step\" action=\"https:\/\/caep.ro\/work-and-travel\/register\">\r\n                <input type=\"hidden\" name=\"data[country]\" id=\"reg-country\">\r\n                <input type=\"hidden\" name=\"data[phone]\" id=\"reg-phone\">\r\n                <input type=\"hidden\" name=\"data[source_id]\" value=\"1\">\r\n                <input type=\"hidden\" name=\"data[exclude_birthday]\" value=\"1\">\r\n                <input type=\"hidden\" name=\"data[exclude_education]\" value=\"1\">\r\n\r\n                <div class=\"grid grid_6 percentage\" data-target=\"first_name\">\r\n                    <div class=\"form-input form-input-name\">\r\n                        <i class=\"icon-user\"><\/i>\r\n                        <input type=\"text\" name=\"data[first_name]\" value=\"\"\r\n                               placeholder=\"first name\">\r\n                    <\/div>\r\n                    <span class=\"error-block\"><\/span>\r\n                <\/div>\r\n                <div class=\"grid grid_6 percentage\" data-target=\"last_name\">\r\n                    <div class=\"form-input form-input-name\">\r\n                        <input type=\"text\" name=\"data[last_name]\" value=\"\"\r\n                               placeholder=\"last name\">\r\n                    <\/div>\r\n                    <span class=\"error-block\"><\/span>\r\n                <\/div>\r\n\r\n                <div class=\"grid grid_12 percentage\" data-target=\"email\">\r\n                    <div class=\"form-input form-input-email\">\r\n                        <i class=\"icon-mail\"><\/i>\r\n                        <input type=\"text\" name=\"data[email]\" value=\"\"\r\n                               placeholder=\"e-mail\">\r\n                    <\/div>\r\n                    <span class=\"error-block\"><\/span>\r\n                <\/div>\r\n\r\n                                <div class=\"grid grid_12 percentage\" data-target=\"current_study_year\">\r\n                    <div class=\"form-input form-select form-input-university\">\r\n                        <i class=\"icon-graduation-cap\"><\/i>\r\n                        <select name=\"data[current_study_year]\" class=\"select2\" data-placeholder='study year'><option selected='selected' value='0'>study year<\/option><option  value='1' >First<\/option><option  value='2' >Second<\/option><option  value='3' >Third<\/option><option  value='4' >Fourth<\/option><option  value='5' >Fifth<\/option><option  value='6' >Sixth<\/option><option  value='-1' >Graduate<\/option><option  value='8' >Master 1<\/option><option  value='9' >Master 2<\/option><option  value='-2' >Master graduate<\/option><\/select>                    <\/div>\r\n                    <span class=\"error-block\"><\/span>\r\n                <\/div>\r\n                <div class=\"grid grid_12 percentage grid-submit\">\r\n                    <button type=\"submit\">Next<\/button>\r\n                <\/div>\r\n            <\/form>\r\n        <\/div>\r\n        <div class=\"step\" data-step=\"5\">\r\n        <div class=\"grid grid_12 percentage\">\r\n                            <div class=\"terms-post\">\r\n                    <section class=\"wpb-content-wrapper\"><p>[vc_row][vc_column][vc_column_text]Programul Work And Travel \u00ee\u021bi ofer\u0103 posibilitatea de a-\u021bi face mu\u021bi prieteni \u0219i amintiri frumoase, de a c\u0103l\u0103tori, lucra \u0219i experimenta cultura american\u0103.<\/p>\n<p>&nbsp;<\/p>\n<p><strong>Dac\u0103 r\u0103spunzi cu \u201cDA\u201d la urm\u0103toarele criterii, e\u0219ti eligibil pentru a te \u00eenscrie la Programul Work And Travel:<\/strong><\/p>\n<p>1)\u00a0E\u0219ti student la zi, la o Universitate?<br \/>\n2) Cuno\u0219ti Engleza la nivel de comunicare, sau vrei s\u0103 o \u00eenve\u0163i?<br \/>\n3) E\u0219ti s\u0103n\u0103tos? po\u021bi c\u0103latori cu avionul, e\u0219ti apt de munc\u0103?<\/p>\n<p>&nbsp;<\/p>\n<p><strong>Felicit\u0103ri<\/strong>, hai s\u0103 continu\u0103m, apas\u0103 butonul de mai jos![\/vc_column_text][\/vc_column][\/vc_row]<\/p>\n<\/section>                <\/div>\r\n                    <\/div>\r\n        <form id=\"add-order\" action=\"https:\/\/caep.ro\/work-and-travel\/user\/workandtravel\" method=\"post\">\r\n            <input type=\"hidden\" name=\"add\" value=\"1\">\r\n            <div class=\"grid grid_12 percentage grid-submit\">\r\n                <button type=\"submit\">Register Now<\/button>\r\n            <\/div>\r\n        <\/form>\r\n    <\/div>\r\n    <script>\r\n        jQuery(document).ready(function ($) {\r\n\r\n            var steps = {};\r\n            $('[data-step]', '#register-profile').each(function () {\r\n                var s = $(this);\r\n                steps[s.data('step')] = s;\r\n            });\r\n            var currentStep;\r\n            var setStep = function (step) {\r\n                if (currentStep) {\r\n                    currentStep.hide();\r\n                }\r\n                currentStep = steps[step] || null;\r\n                if (!currentStep) {\r\n                    return\r\n                }\r\n                currentStep.show();\r\n            }\r\n            setStep(1);\r\n\r\n            $('#forgot-pass').click(function () {\r\n                ACCOUNT.showForgotPassswordDialog($('#phone_69e1c92cf2d4f').val());\r\n            });\r\n            ACCOUNT.initSimpleForm('#check-step', function (message, data) {\r\n\r\n                if ((data.user || 0) == 1) {\r\n                    $('#phone_69e1c92cf2d4f').val(data.phone || '').CcPicker('setCountryByOptions', {countryID: data.country || 0});\r\n\r\n                    setStep(2);\r\n                    return;\r\n                }\r\n                $('#reg-country').val(data.country || 0);\r\n                $('#reg-phone').val(data.phone || 0);\r\n                setStep(3);\r\n            }, function (message, data) {\r\n                ACCOUNT.showNotification(message, true);\r\n            });\r\n\r\n            ACCOUNT.initSimpleForm('#login-step', function (message, data) {\r\n                setStep(5);\r\n            }, function (message, data) {\r\n                ACCOUNT.showNotification(message, true);\r\n            });\r\n\r\n            ACCOUNT.initSimpleForm('#register-step', function (message, data) {\r\n                ACCOUNT.showNotification(message);\r\n                ACCOUNT.trackCompleteRegistration();\r\n                setStep(5);\r\n\r\n            }, function (message, data) {\r\n                ACCOUNT.showNotification(message, true);\r\n            });\r\n\r\n            ACCOUNT.initSimpleForm('#add-order', function (message, data) {\r\n                ACCOUNT.showNotification(message);\r\n                ACCOUNT.trackProgramRegistration();\r\n                if (!(data.redirect || false)) {\r\n                    return\r\n                }\r\n                setTimeout(function () {\r\n                    window.location.href = data.redirect;\r\n                }, 1200);\r\n\r\n            }, function (message, data) {\r\n                ACCOUNT.showNotification(message, true);\r\n            });\r\n            $('#next-bnt').click(function () {\r\n                setStep(5);\r\n            })\r\n        });\r\n    <\/script>\r\n<\/div>[\/vc_column_text][\/vc_column][vc_column width=&#8221;1\/2&#8243;][vc_empty_space height=&#8221;&#8221;][vc_column_text]<\/p>\n<ul>\n<li><strong>Reducere<\/strong> la \u00eenscriere\u00a0<strong>$35<\/strong>;<\/li>\n<li><strong>$100 Reducere<\/strong> din costul <strong>Programului<\/strong>;<\/li>\n<li>Beneficiezi de <strong>cel mai mic pre\u021b<\/strong> al Programului;<\/li>\n<li>Pobilitatea s\u0103 <strong>lucrezi\u00a0consultant<\/strong> \u0219i s\u0103 acumulezi <strong>reduceri<\/strong>;<\/li>\n<li>\u00ce\u021bi po\u021bi <strong>rezerva<\/strong> cea mai bun\u0103 <strong>zon\u0103<\/strong> \u0219i <strong>pozi\u021bie<\/strong>;<\/li>\n<li>Po\u021bi beneficia de<strong> Program Help<\/strong> sau <strong>Credit<\/strong> pentru a achita Programul;<\/li>\n<li><strong>Vei fi primul<\/strong> \u00een toate: nout\u0103\u021bi, evenimente, promo\u021bii!<\/li>\n<\/ul>\n<p>[\/vc_column_text][\/vc_column][\/vc_row][vc_row][vc_column][vc_empty_space][\/vc_column][\/vc_row]<\/p>\n<\/section>","protected":false},"excerpt":{"rendered":"<p>[vc_row][vc_column][vc_empty_space][\/vc_column][\/vc_row][vc_row][vc_column width=&#8221;1\/2&#8243;][vc_column_text]\u00cenregistrez\u0103-te cu Promo\u021bia First Wave of Work And Travel \u0219i planific\u0103 o vara\u00a0 \u00een Stale Unite Ale Americii!\u00a0Este oportunitatea de a c\u0103l\u0103tori, lucra \u0219i experimenta cultura american\u0103. \u00ce\u021bi vei face mu\u021bi prieteni \u0219i amintiri frumoase.[\/vc_column_text][vc_column_text][\/vc_column_text][\/vc_column][vc_column width=&#8221;1\/2&#8243;][vc_empty_space height=&#8221;&#8221;][vc_column_text] Reducere la \u00eenscriere\u00a0$35; $100 Reducere din costul Programului; Beneficiezi de cel mai mic pre\u021b al Programului; Pobilitatea &#8230;<\/p>\n","protected":false},"author":2,"featured_media":48658,"parent":0,"menu_order":0,"comment_status":"closed","ping_status":"closed","template":"","meta":{"footnotes":""},"class_list":["post-48629","page","type-page","status-publish","has-post-thumbnail","hentry"],"_links":{"self":[{"href":"https:\/\/caep.ro\/work-and-travel\/wp-json\/wp\/v2\/pages\/48629","targetHints":{"allow":["GET"]}}],"collection":[{"href":"https:\/\/caep.ro\/work-and-travel\/wp-json\/wp\/v2\/pages"}],"about":[{"href":"https:\/\/caep.ro\/work-and-travel\/wp-json\/wp\/v2\/types\/page"}],"author":[{"embeddable":true,"href":"https:\/\/caep.ro\/work-and-travel\/wp-json\/wp\/v2\/users\/2"}],"replies":[{"embeddable":true,"href":"https:\/\/caep.ro\/work-and-travel\/wp-json\/wp\/v2\/comments?post=48629"}],"version-history":[{"count":5,"href":"https:\/\/caep.ro\/work-and-travel\/wp-json\/wp\/v2\/pages\/48629\/revisions"}],"predecessor-version":[{"id":49000,"href":"https:\/\/caep.ro\/work-and-travel\/wp-json\/wp\/v2\/pages\/48629\/revisions\/49000"}],"wp:featuredmedia":[{"embeddable":true,"href":"https:\/\/caep.ro\/work-and-travel\/wp-json\/wp\/v2\/media\/48658"}],"wp:attachment":[{"href":"https:\/\/caep.ro\/work-and-travel\/wp-json\/wp\/v2\/media?parent=48629"}],"curies":[{"name":"wp","href":"https:\/\/api.w.org\/{rel}","templated":true}]}}