{"id":2225,"date":"2016-04-26T13:10:28","date_gmt":"2016-04-26T13:10:28","guid":{"rendered":"https:\/\/caep.ro\/work-and-travel\/?page_id=2225"},"modified":"2021-09-06T23:31:43","modified_gmt":"2021-09-06T20:31:43","slug":"work-with-us","status":"publish","type":"page","link":"https:\/\/caep.ro\/work-and-travel\/work-with-us","title":{"rendered":"WORK WITH US"},"content":{"rendered":"<section class=\"wpb-content-wrapper\"><p>[vc_row][vc_column][vc_empty_space height=&#8221;40px&#8221;][\/vc_column][\/vc_row][vc_row][vc_column]<div class=\"nicdark_masonry_container 0\">\n\n    <div style=\"box-sizing:border-box;\" class=\"grid grid_4 percentage nicdark_padding10 nicdark_masonry_item  lucreaza-cu-noi \">\n      \n\n        <div class=\"nicdark_textevidence nicdark_bg_green\">\n            <h4 class=\"white nicdark_margin20\">Manager Work And Travel<\/h4>\n        <\/div>\n        <div class=\"nicdark_featured_image\"><img decoding=\"async\" alt=\"\" src=\"https:\/\/caep.ro\/work-and-travel\/wp-content\/uploads\/2013\/04\/angajam-tineri_top-1024x630.jpg\"><\/div>\n        <div class=\"nicdark_focus nicdark_border_grey nicdark_sizing nicdark_padding20\">\n            <p>Ai fost \u00een Americia cu Programul Work And Travel? Vrei s\u0103 transmi\u021bi aceast\u0103 experien\u0163a \u0219i altor studen\u021bi? Dac\u0103 ai raspuns cu DA, \u00eenseamn\u0103 c\u0103 e\u015fti candidatul perfect pentru acest Job.<\/p>\n            <div class=\"nicdark_space20\"><\/div>\n            <a class=\"nicdark_btn nicdark_press nicdark_bg_green white medium  \" href=\"https:\/\/caep.ro\/work-and-travel\/angajam-manager-de-program\">READ MORE<\/a>\n        <\/div>\n\n      \n    <\/div>\n\n\n\n    <div style=\"box-sizing:border-box;\" class=\"grid grid_4 percentage nicdark_padding10 nicdark_masonry_item  lucreaza-cu-noi \">\n      \n\n        <div class=\"nicdark_textevidence nicdark_bg_blue\">\n            <h4 class=\"white nicdark_margin20\">Specialist Promovare Online<\/h4>\n        <\/div>\n        <div class=\"nicdark_featured_image\"><img decoding=\"async\" alt=\"\" src=\"https:\/\/caep.ro\/work-and-travel\/wp-content\/uploads\/2014\/08\/Nu-ai-buget-de-promovare3.jpg\"><\/div>\n        <div class=\"nicdark_focus nicdark_border_grey nicdark_sizing nicdark_padding20\">\n            <p>Te consideri Specialist \u00een Marketing Online \u0219i Social Media? Po\u021bi crea un con\u021binut relevant \u0219i cu un mesaj puternic care s\u0103 cheme la ac\u021biune? Atunci locul t\u0103u este \u00een echipa noastr\u0103.<\/p>\n            <div class=\"nicdark_space20\"><\/div>\n            <a class=\"nicdark_btn nicdark_press nicdark_bg_blue white medium  \" href=\"https:\/\/caep.ro\/work-and-travel\/specialist-promovare-online\">READ MORE<\/a>\n        <\/div>\n\n      \n    <\/div>\n\n\n\n    <div style=\"box-sizing:border-box;\" class=\"grid grid_4 percentage nicdark_padding10 nicdark_masonry_item  lucreaza-cu-noi \">\n      \n\n        <div class=\"nicdark_textevidence nicdark_bg_yellow\">\n            <h4 class=\"white nicdark_margin20\">Manager Recrutare \u0219i Trainer<\/h4>\n        <\/div>\n        <div class=\"nicdark_featured_image\"><img decoding=\"async\" alt=\"\" src=\"https:\/\/caep.ro\/work-and-travel\/wp-content\/uploads\/2017\/01\/Manager-Recrutare-si-Trainer.jpg\"><\/div>\n        <div class=\"nicdark_focus nicdark_border_grey nicdark_sizing nicdark_padding20\">\n            <p>Ca s\u0103 \u00eendeplinim cu obiectivele trebuie s\u0103 oferim Managerilor de Program toate instrumentele necesare ca s\u0103 conving\u0103 studen\u021bii sa participe la Programul Work And Travel.<\/p>\n            <div class=\"nicdark_space20\"><\/div>\n            <a class=\"nicdark_btn nicdark_press nicdark_bg_yellow white medium  \" href=\"https:\/\/caep.ro\/work-and-travel\/manager-recrutare-si-trainer\">READ MORE<\/a>\n        <\/div>\n\n      \n    <\/div>\n\n<\/div>[\/vc_column][\/vc_row][vc_row][vc_column][vc_empty_space height=&#8221;40px&#8221;][\/vc_column][\/vc_row]<\/p>\n<\/section>","protected":false},"excerpt":{"rendered":"<p>[vc_row][vc_column][vc_empty_space height=&#8221;40px&#8221;][\/vc_column][\/vc_row][vc_row][vc_column][\/vc_column][\/vc_row][vc_row][vc_column][vc_empty_space height=&#8221;40px&#8221;][\/vc_column][\/vc_row]<\/p>\n","protected":false},"author":2,"featured_media":45536,"parent":0,"menu_order":0,"comment_status":"closed","ping_status":"closed","template":"","meta":{"footnotes":""},"class_list":["post-2225","page","type-page","status-publish","has-post-thumbnail","hentry"],"_links":{"self":[{"href":"https:\/\/caep.ro\/work-and-travel\/wp-json\/wp\/v2\/pages\/2225","targetHints":{"allow":["GET"]}}],"collection":[{"href":"https:\/\/caep.ro\/work-and-travel\/wp-json\/wp\/v2\/pages"}],"about":[{"href":"https:\/\/caep.ro\/work-and-travel\/wp-json\/wp\/v2\/types\/page"}],"author":[{"embeddable":true,"href":"https:\/\/caep.ro\/work-and-travel\/wp-json\/wp\/v2\/users\/2"}],"replies":[{"embeddable":true,"href":"https:\/\/caep.ro\/work-and-travel\/wp-json\/wp\/v2\/comments?post=2225"}],"version-history":[{"count":4,"href":"https:\/\/caep.ro\/work-and-travel\/wp-json\/wp\/v2\/pages\/2225\/revisions"}],"predecessor-version":[{"id":48099,"href":"https:\/\/caep.ro\/work-and-travel\/wp-json\/wp\/v2\/pages\/2225\/revisions\/48099"}],"wp:featuredmedia":[{"embeddable":true,"href":"https:\/\/caep.ro\/work-and-travel\/wp-json\/wp\/v2\/media\/45536"}],"wp:attachment":[{"href":"https:\/\/caep.ro\/work-and-travel\/wp-json\/wp\/v2\/media?parent=2225"}],"curies":[{"name":"wp","href":"https:\/\/api.w.org\/{rel}","templated":true}]}}